{"id":33,"date":"2024-11-10T12:00:52","date_gmt":"2024-11-10T11:00:52","guid":{"rendered":"https:\/\/sandracallofbeauty.com\/?page_id=33"},"modified":"2025-12-25T21:01:58","modified_gmt":"2025-12-25T20:01:58","slug":"qui-suis-je-presentations","status":"publish","type":"page","link":"https:\/\/sandracallofbeauty.com\/index.php\/qui-suis-je-presentations\/","title":{"rendered":"<font dir=\"auto\" style=\"vertical-align: inherit;\"><font dir=\"auto\" style=\"vertical-align: inherit;\">Qui suis-je ? (Pr\u00e9sentations)<\/font><\/font>"},"content":{"rendered":"\n<figure class=\"wp-block-image size-large\"><img loading=\"lazy\" decoding=\"async\" width=\"1024\" height=\"1024\" src=\"https:\/\/sandracallofbeauty.com\/wp-content\/uploads\/2025\/12\/1000096427-1024x1024.webp\" alt=\"\" class=\"wp-image-402\" srcset=\"https:\/\/sandracallofbeauty.com\/wp-content\/uploads\/2025\/12\/1000096427-1024x1024.webp 1024w, https:\/\/sandracallofbeauty.com\/wp-content\/uploads\/2025\/12\/1000096427-300x300.webp 300w, https:\/\/sandracallofbeauty.com\/wp-content\/uploads\/2025\/12\/1000096427-150x150.webp 150w, https:\/\/sandracallofbeauty.com\/wp-content\/uploads\/2025\/12\/1000096427-768x768.webp 768w, https:\/\/sandracallofbeauty.com\/wp-content\/uploads\/2025\/12\/1000096427-1536x1536.webp 1536w, https:\/\/sandracallofbeauty.com\/wp-content\/uploads\/2025\/12\/1000096427-2048x2048.webp 2048w, https:\/\/sandracallofbeauty.com\/wp-content\/uploads\/2025\/12\/1000096427-60x60.webp 60w\" sizes=\"auto, (max-width: 1024px) 100vw, 1024px\" \/><\/figure>\n\n\n\n<p>Je suis Sandra !<\/p>\n\n\n\n<p>J&#8217;ai 38 ans. J&#8217;habite en Ile de France.<\/p>\n\n\n\n<p>J&#8217;ai toujours pens\u00e9 que le fait de prendre soin de soi n&#8217;\u00e9tait pas un concept futile, comme on pourrait \u00e0 priori le penser. A mon sens c&#8217;est une fa\u00e7on de s&#8217;apporter de l&#8217;amour, d&#8217;apprendre \u00e0 s&#8217;accepter. Ca peut parfois m\u00eame \u00eatre une r\u00e9elle th\u00e9rapie dans les moments o\u00f9 l&#8217;on ne va pas bien.<\/p>\n\n\n\n<p>Prendre soin de soi, c&#8217;est finalement ne pas s&#8217;abandonner.  <\/p>\n\n\n\n<p><font dir=\"auto\" style=\"vertical-align: inherit;\"><font dir=\"auto\" style=\"vertical-align: inherit;\">Partant de ce constat, j&#8217;ai d\u00e9cid\u00e9 il y a longtemps de passer une formation de maquilleuse \u00e0 la Make Up Forever Academy, en 2012. Cela m&#8217;a permis d&#8217;aider de nombreuses femmes \u00e0 reprendre confiance en elles, \u00e0 se trouver jolies. J&#8217;ai ensuite d\u00e9cid\u00e9 de ne pas m&#8217;arr\u00eater l\u00e0 et de partager mes conseils et mes bons plans pour aider un plus grand nombre de femmes.<\/font><\/font><\/p>\n\n\n\n<p>J&#8217;ai alors cr\u00e9\u00e9 une petite bulle dans laquelle je pourrai partager et \u00e9changer avec d&#8217;autres femmes. D&#8217;abord sur mon blog, Call of Beauty \u00e0 l&#8217;\u00e9poque, puis sur Youtube et enfin sur Instagram. <\/p>\n\n\n\n<p>Sauf qu&#8217;apr\u00e8s la naissance de ma premi\u00e8re fille, j&#8217;avais nettement moins le temps de cr\u00e9er autant de contenu qu&#8217;auparavant. Alors j&#8217;ai tout arr\u00eat\u00e9. Le temps est pass\u00e9. Et puis un jour, j&#8217;ai ressenti un sentiment d&#8217;amertume li\u00e9 au fait de ne pas \u00eatre all\u00e9e au bout de mon projet.<\/p>\n\n\n\n<p><font dir=\"auto\" style=\"vertical-align: inherit;\"><font dir=\"auto\" style=\"vertical-align: inherit;\">Je crois sinc\u00e8rement que quand on a un domaine que l&#8217;on adore, et qui nous rappelle sans cesse, il ne faut pas l&#8217;ignorer. Personnellement, \u00e7a a fini par me rattraper&#8230;<\/font><\/font><\/p>\n\n\n\n<p>Je suis aujourd&#8217;hui une femme et maman combl\u00e9e, ma vie a beaucoup chang\u00e9 depuis 2012. N\u00e9anmoins j&#8217;ai toujours cette envie, ce &#8220;truc&#8221; qui m&#8217;anime, de partager et de conserver cette bulle de l\u00e9g\u00e8ret\u00e9 comme j&#8217;aime \u00e0 l&#8217;appeler. Quand une id\u00e9e t&#8217;appelle et t&#8217;appelle encore, il faut vraiment l&#8217;\u00e9couter, et c&#8217;est pr\u00e9cis\u00e9ment ce que je suis en train de faire !<\/p>\n\n\n\n<p>Alors voil\u00e0 qui je suis, et ce que je fais ici.<\/p>\n\n\n\n<p>A tr\u00e8s vite ! <\/p>\n\n\n\n<p><\/p>\n","protected":false},"excerpt":{"rendered":"<p>Je suis Sandra ! J&#8217;ai 38 ans. J&#8217;habite en Ile de France. J&#8217;ai toujours pens\u00e9 que le fait de prendre soin de soi n&#8217;\u00e9tait pas &hellip; <\/p>\n","protected":false},"author":1,"featured_media":0,"parent":0,"menu_order":0,"comment_status":"closed","ping_status":"closed","template":"","meta":{"footnotes":""},"class_list":["post-33","page","type-page","status-publish","hentry","latest_post"],"aioseo_notices":[],"jetpack_sharing_enabled":true,"_links":{"self":[{"href":"https:\/\/sandracallofbeauty.com\/index.php\/wp-json\/wp\/v2\/pages\/33","targetHints":{"allow":["GET"]}}],"collection":[{"href":"https:\/\/sandracallofbeauty.com\/index.php\/wp-json\/wp\/v2\/pages"}],"about":[{"href":"https:\/\/sandracallofbeauty.com\/index.php\/wp-json\/wp\/v2\/types\/page"}],"author":[{"embeddable":true,"href":"https:\/\/sandracallofbeauty.com\/index.php\/wp-json\/wp\/v2\/users\/1"}],"replies":[{"embeddable":true,"href":"https:\/\/sandracallofbeauty.com\/index.php\/wp-json\/wp\/v2\/comments?post=33"}],"version-history":[{"count":2,"href":"https:\/\/sandracallofbeauty.com\/index.php\/wp-json\/wp\/v2\/pages\/33\/revisions"}],"predecessor-version":[{"id":403,"href":"https:\/\/sandracallofbeauty.com\/index.php\/wp-json\/wp\/v2\/pages\/33\/revisions\/403"}],"wp:attachment":[{"href":"https:\/\/sandracallofbeauty.com\/index.php\/wp-json\/wp\/v2\/media?parent=33"}],"curies":[{"name":"wp","href":"https:\/\/api.w.org\/{rel}","templated":true}]}}